{"id":256,"date":"2022-09-15T14:10:51","date_gmt":"2022-09-15T18:10:51","guid":{"rendered":"https:\/\/maxtudiodesign.com\/fundinah\/?page_id=256"},"modified":"2023-01-04T15:25:48","modified_gmt":"2023-01-04T19:25:48","slug":"proyectos","status":"publish","type":"page","link":"https:\/\/fundinah.org\/index.php\/proyectos\/","title":{"rendered":"Proyectos"},"content":{"rendered":"\t\t<div data-elementor-type=\"wp-page\" data-elementor-id=\"256\" class=\"elementor elementor-256\" data-elementor-post-type=\"page\">\n\t\t\t\t\t\t<section class=\"elementor-section elementor-top-section elementor-element elementor-element-7cd5544a elementor-section-boxed elementor-section-height-default elementor-section-height-default\" data-id=\"7cd5544a\" data-element_type=\"section\" data-e-type=\"section\" data-settings=\"{&quot;background_background&quot;:&quot;classic&quot;}\">\n\t\t\t\t\t\t\t<div class=\"elementor-background-overlay\"><\/div>\n\t\t\t\t\t\t\t<div class=\"elementor-container elementor-column-gap-no\">\n\t\t\t\t\t<div class=\"elementor-column elementor-col-100 elementor-top-column elementor-element elementor-element-7d9d8dc2\" data-id=\"7d9d8dc2\" data-element_type=\"column\" data-e-type=\"column\" data-settings=\"{&quot;background_background&quot;:&quot;classic&quot;}\">\n\t\t\t<div class=\"elementor-widget-wrap elementor-element-populated\">\n\t\t\t\t\t\t<div class=\"elementor-element elementor-element-1338f2fc elementor-widget elementor-widget-heading\" data-id=\"1338f2fc\" data-element_type=\"widget\" data-e-type=\"widget\" data-widget_type=\"heading.default\">\n\t\t\t\t<div class=\"elementor-widget-container\">\n\t\t\t\t\t<h1 class=\"elementor-heading-title elementor-size-default\">Proyectos<\/h1>\t\t\t\t<\/div>\n\t\t\t\t<\/div>\n\t\t\t\t\t<\/div>\n\t\t<\/div>\n\t\t\t\t\t<\/div>\n\t\t<\/section>\n\t\t\t\t<section class=\"elementor-section elementor-top-section elementor-element elementor-element-5882c669 elementor-section-boxed elementor-section-height-default elementor-section-height-default\" data-id=\"5882c669\" data-element_type=\"section\" data-e-type=\"section\">\n\t\t\t\t\t\t<div class=\"elementor-container elementor-column-gap-no\">\n\t\t\t\t\t<div class=\"elementor-column elementor-col-100 elementor-top-column elementor-element elementor-element-6db68f48\" data-id=\"6db68f48\" data-element_type=\"column\" data-e-type=\"column\">\n\t\t\t<div class=\"elementor-widget-wrap elementor-element-populated\">\n\t\t\t\t\t\t<section class=\"elementor-section elementor-inner-section elementor-element elementor-element-468aada elementor-section-boxed elementor-section-height-default elementor-section-height-default\" data-id=\"468aada\" data-element_type=\"section\" data-e-type=\"section\">\n\t\t\t\t\t\t<div class=\"elementor-container elementor-column-gap-no\">\n\t\t\t\t\t<div class=\"elementor-column elementor-col-33 elementor-inner-column elementor-element elementor-element-7a6cfe1\" data-id=\"7a6cfe1\" data-element_type=\"column\" data-e-type=\"column\">\n\t\t\t<div class=\"elementor-widget-wrap elementor-element-populated\">\n\t\t\t\t\t\t<div class=\"elementor-element elementor-element-1f63bc4 elementor-widget elementor-widget-image\" data-id=\"1f63bc4\" data-element_type=\"widget\" data-e-type=\"widget\" data-widget_type=\"image.default\">\n\t\t\t\t<div class=\"elementor-widget-container\">\n\t\t\t\t\t\t\t\t\t\t\t\t\t\t\t<img fetchpriority=\"high\" decoding=\"async\" width=\"800\" height=\"568\" src=\"https:\/\/fundinah.org\/wp-content\/uploads\/2022\/09\/parroquia-fundinah.jpg\" class=\"attachment-large size-large wp-image-267\" alt=\"\" srcset=\"https:\/\/fundinah.org\/wp-content\/uploads\/2022\/09\/parroquia-fundinah.jpg 1024w, https:\/\/fundinah.org\/wp-content\/uploads\/2022\/09\/parroquia-fundinah-300x213.jpg 300w, https:\/\/fundinah.org\/wp-content\/uploads\/2022\/09\/parroquia-fundinah-768x545.jpg 768w, https:\/\/fundinah.org\/wp-content\/uploads\/2022\/09\/parroquia-fundinah-600x426.jpg 600w\" sizes=\"(max-width: 800px) 100vw, 800px\" \/>\t\t\t\t\t\t\t\t\t\t\t\t\t\t\t<\/div>\n\t\t\t\t<\/div>\n\t\t\t\t<div class=\"elementor-element elementor-element-5dc6ce7 elementor-widget elementor-widget-heading\" data-id=\"5dc6ce7\" data-element_type=\"widget\" data-e-type=\"widget\" data-widget_type=\"heading.default\">\n\t\t\t\t<div class=\"elementor-widget-container\">\n\t\t\t\t\t<h5 class=\"elementor-heading-title elementor-size-default\">D\u00e9jate Ayudar<\/h5>\t\t\t\t<\/div>\n\t\t\t\t<\/div>\n\t\t\t\t<div class=\"elementor-element elementor-element-edac995 elementor-widget elementor-widget-text-editor\" data-id=\"edac995\" data-element_type=\"widget\" data-e-type=\"widget\" data-widget_type=\"text-editor.default\">\n\t\t\t\t<div class=\"elementor-widget-container\">\n\t\t\t\t\t\t\t\t\t<p>D\u00e9jate Ayudar, m\u00e1s que un programa, es un proyecto de vida que ofrece asistencia m\u00e9dica en el \u00e1rea de la psicolog\u00eda y&#8230;<\/p>\t\t\t\t\t\t\t\t<\/div>\n\t\t\t\t<\/div>\n\t\t\t\t<div class=\"elementor-element elementor-element-db77cb2 elementor-align-justify elementor-widget elementor-widget-button\" data-id=\"db77cb2\" data-element_type=\"widget\" data-e-type=\"widget\" data-widget_type=\"button.default\">\n\t\t\t\t<div class=\"elementor-widget-container\">\n\t\t\t\t\t\t\t\t\t<div class=\"elementor-button-wrapper\">\n\t\t\t\t\t<a class=\"elementor-button elementor-button-link elementor-size-sm\" href=\"https:\/\/fundinah.org\/index.php\/proyecto-dejate-ayudar\/\">\n\t\t\t\t\t\t<span class=\"elementor-button-content-wrapper\">\n\t\t\t\t\t\t\t\t\t<span class=\"elementor-button-text\">Click para ver m\u00e1s<\/span>\n\t\t\t\t\t<\/span>\n\t\t\t\t\t<\/a>\n\t\t\t\t<\/div>\n\t\t\t\t\t\t\t\t<\/div>\n\t\t\t\t<\/div>\n\t\t\t\t\t<\/div>\n\t\t<\/div>\n\t\t\t\t<div class=\"elementor-column elementor-col-33 elementor-inner-column elementor-element elementor-element-886cc95\" data-id=\"886cc95\" data-element_type=\"column\" data-e-type=\"column\">\n\t\t\t<div class=\"elementor-widget-wrap elementor-element-populated\">\n\t\t\t\t\t\t<div class=\"elementor-element elementor-element-9f0643b elementor-widget elementor-widget-image\" data-id=\"9f0643b\" data-element_type=\"widget\" data-e-type=\"widget\" data-widget_type=\"image.default\">\n\t\t\t\t<div class=\"elementor-widget-container\">\n\t\t\t\t\t\t\t\t\t\t\t\t\t\t\t<img decoding=\"async\" width=\"800\" height=\"568\" src=\"https:\/\/fundinah.org\/wp-content\/uploads\/2022\/09\/Colegio-Vista-exterior-.jpg\" class=\"attachment-large size-large wp-image-264\" alt=\"\" srcset=\"https:\/\/fundinah.org\/wp-content\/uploads\/2022\/09\/Colegio-Vista-exterior-.jpg 1024w, https:\/\/fundinah.org\/wp-content\/uploads\/2022\/09\/Colegio-Vista-exterior--300x213.jpg 300w, https:\/\/fundinah.org\/wp-content\/uploads\/2022\/09\/Colegio-Vista-exterior--768x545.jpg 768w, https:\/\/fundinah.org\/wp-content\/uploads\/2022\/09\/Colegio-Vista-exterior--600x426.jpg 600w\" sizes=\"(max-width: 800px) 100vw, 800px\" \/>\t\t\t\t\t\t\t\t\t\t\t\t\t\t\t<\/div>\n\t\t\t\t<\/div>\n\t\t\t\t<div class=\"elementor-element elementor-element-620dbce elementor-widget elementor-widget-heading\" data-id=\"620dbce\" data-element_type=\"widget\" data-e-type=\"widget\" data-widget_type=\"heading.default\">\n\t\t\t\t<div class=\"elementor-widget-container\">\n\t\t\t\t\t<h5 class=\"elementor-heading-title elementor-size-default\">Colegio Hijos de Mar\u00eda Sant\u00edsima<\/h5>\t\t\t\t<\/div>\n\t\t\t\t<\/div>\n\t\t\t\t<div class=\"elementor-element elementor-element-3265339 elementor-widget elementor-widget-text-editor\" data-id=\"3265339\" data-element_type=\"widget\" data-e-type=\"widget\" data-widget_type=\"text-editor.default\">\n\t\t\t\t<div class=\"elementor-widget-container\">\n\t\t\t\t\t\t\t\t\t<p>Este proyecto esta comprometido con un programa de desarrollo integral a nivel intelectual, moral y fisico&#8230;<\/p>\t\t\t\t\t\t\t\t<\/div>\n\t\t\t\t<\/div>\n\t\t\t\t<div class=\"elementor-element elementor-element-737b75e elementor-align-justify elementor-widget elementor-widget-button\" data-id=\"737b75e\" data-element_type=\"widget\" data-e-type=\"widget\" data-widget_type=\"button.default\">\n\t\t\t\t<div class=\"elementor-widget-container\">\n\t\t\t\t\t\t\t\t\t<div class=\"elementor-button-wrapper\">\n\t\t\t\t\t<a class=\"elementor-button elementor-button-link elementor-size-sm\" href=\"https:\/\/fundinah.org\/index.php\/proyecto-colegio-hijos-de-maria-santisima\/\">\n\t\t\t\t\t\t<span class=\"elementor-button-content-wrapper\">\n\t\t\t\t\t\t\t\t\t<span class=\"elementor-button-text\">Click para ver m\u00e1s<\/span>\n\t\t\t\t\t<\/span>\n\t\t\t\t\t<\/a>\n\t\t\t\t<\/div>\n\t\t\t\t\t\t\t\t<\/div>\n\t\t\t\t<\/div>\n\t\t\t\t\t<\/div>\n\t\t<\/div>\n\t\t\t\t<div class=\"elementor-column elementor-col-33 elementor-inner-column elementor-element elementor-element-a7138bd\" data-id=\"a7138bd\" data-element_type=\"column\" data-e-type=\"column\">\n\t\t\t<div class=\"elementor-widget-wrap elementor-element-populated\">\n\t\t\t\t\t\t<div class=\"elementor-element elementor-element-7186826 elementor-widget elementor-widget-image\" data-id=\"7186826\" data-element_type=\"widget\" data-e-type=\"widget\" data-widget_type=\"image.default\">\n\t\t\t\t<div class=\"elementor-widget-container\">\n\t\t\t\t\t\t\t\t\t\t\t\t\t\t\t<img decoding=\"async\" width=\"800\" height=\"568\" src=\"https:\/\/fundinah.org\/wp-content\/uploads\/2022\/09\/Convento-Vista-principal-e1612890035517-1024x727-1.jpg\" class=\"attachment-large size-large wp-image-265\" alt=\"\" srcset=\"https:\/\/fundinah.org\/wp-content\/uploads\/2022\/09\/Convento-Vista-principal-e1612890035517-1024x727-1.jpg 1024w, https:\/\/fundinah.org\/wp-content\/uploads\/2022\/09\/Convento-Vista-principal-e1612890035517-1024x727-1-300x213.jpg 300w, https:\/\/fundinah.org\/wp-content\/uploads\/2022\/09\/Convento-Vista-principal-e1612890035517-1024x727-1-768x545.jpg 768w, https:\/\/fundinah.org\/wp-content\/uploads\/2022\/09\/Convento-Vista-principal-e1612890035517-1024x727-1-600x426.jpg 600w\" sizes=\"(max-width: 800px) 100vw, 800px\" \/>\t\t\t\t\t\t\t\t\t\t\t\t\t\t\t<\/div>\n\t\t\t\t<\/div>\n\t\t\t\t<div class=\"elementor-element elementor-element-cc61f23 elementor-widget elementor-widget-heading\" data-id=\"cc61f23\" data-element_type=\"widget\" data-e-type=\"widget\" data-widget_type=\"heading.default\">\n\t\t\t\t<div class=\"elementor-widget-container\">\n\t\t\t\t\t<h5 class=\"elementor-heading-title elementor-size-default\">Monasterio Hijas de Mar\u00eda Sant\u00edsima<\/h5>\t\t\t\t<\/div>\n\t\t\t\t<\/div>\n\t\t\t\t<div class=\"elementor-element elementor-element-17c0215 elementor-widget elementor-widget-text-editor\" data-id=\"17c0215\" data-element_type=\"widget\" data-e-type=\"widget\" data-widget_type=\"text-editor.default\">\n\t\t\t\t<div class=\"elementor-widget-container\">\n\t\t\t\t\t\t\t\t\t<p>Es el lugar de oracion y formacion del Instituto Religioso Hijas de Maria Santisima&#8230;<\/p>\t\t\t\t\t\t\t\t<\/div>\n\t\t\t\t<\/div>\n\t\t\t\t<div class=\"elementor-element elementor-element-ce173ef elementor-align-justify elementor-widget elementor-widget-button\" data-id=\"ce173ef\" data-element_type=\"widget\" data-e-type=\"widget\" data-widget_type=\"button.default\">\n\t\t\t\t<div class=\"elementor-widget-container\">\n\t\t\t\t\t\t\t\t\t<div class=\"elementor-button-wrapper\">\n\t\t\t\t\t<a class=\"elementor-button elementor-button-link elementor-size-sm\" href=\"https:\/\/fundinah.org\/index.php\/monasterio-hijas-de-maria-santisima\/\">\n\t\t\t\t\t\t<span class=\"elementor-button-content-wrapper\">\n\t\t\t\t\t\t\t\t\t<span class=\"elementor-button-text\">Click para ver m\u00e1s<\/span>\n\t\t\t\t\t<\/span>\n\t\t\t\t\t<\/a>\n\t\t\t\t<\/div>\n\t\t\t\t\t\t\t\t<\/div>\n\t\t\t\t<\/div>\n\t\t\t\t\t<\/div>\n\t\t<\/div>\n\t\t\t\t\t<\/div>\n\t\t<\/section>\n\t\t\t\t<section class=\"elementor-section elementor-inner-section elementor-element elementor-element-6838c43 elementor-section-boxed elementor-section-height-default elementor-section-height-default\" data-id=\"6838c43\" data-element_type=\"section\" data-e-type=\"section\">\n\t\t\t\t\t\t<div class=\"elementor-container elementor-column-gap-no\">\n\t\t\t\t\t<div class=\"elementor-column elementor-col-33 elementor-inner-column elementor-element elementor-element-a49441c\" data-id=\"a49441c\" data-element_type=\"column\" data-e-type=\"column\">\n\t\t\t<div class=\"elementor-widget-wrap elementor-element-populated\">\n\t\t\t\t\t\t<div class=\"elementor-element elementor-element-a1bdb6d elementor-widget elementor-widget-image\" data-id=\"a1bdb6d\" data-element_type=\"widget\" data-e-type=\"widget\" data-widget_type=\"image.default\">\n\t\t\t\t<div class=\"elementor-widget-container\">\n\t\t\t\t\t\t\t\t\t\t\t\t\t\t\t<img loading=\"lazy\" decoding=\"async\" width=\"800\" height=\"533\" src=\"https:\/\/fundinah.org\/wp-content\/uploads\/2022\/09\/slack-imgs.jpg\" class=\"attachment-large size-large wp-image-268\" alt=\"\" srcset=\"https:\/\/fundinah.org\/wp-content\/uploads\/2022\/09\/slack-imgs.jpg 960w, https:\/\/fundinah.org\/wp-content\/uploads\/2022\/09\/slack-imgs-300x200.jpg 300w, https:\/\/fundinah.org\/wp-content\/uploads\/2022\/09\/slack-imgs-768x512.jpg 768w, https:\/\/fundinah.org\/wp-content\/uploads\/2022\/09\/slack-imgs-600x400.jpg 600w\" sizes=\"(max-width: 800px) 100vw, 800px\" \/>\t\t\t\t\t\t\t\t\t\t\t\t\t\t\t<\/div>\n\t\t\t\t<\/div>\n\t\t\t\t<div class=\"elementor-element elementor-element-bd8ca17 elementor-widget elementor-widget-heading\" data-id=\"bd8ca17\" data-element_type=\"widget\" data-e-type=\"widget\" data-widget_type=\"heading.default\">\n\t\t\t\t<div class=\"elementor-widget-container\">\n\t\t\t\t\t<h5 class=\"elementor-heading-title elementor-size-default\">Nutrici\u00f3n Infantil<\/h5>\t\t\t\t<\/div>\n\t\t\t\t<\/div>\n\t\t\t\t<div class=\"elementor-element elementor-element-956b6b1 elementor-widget elementor-widget-text-editor\" data-id=\"956b6b1\" data-element_type=\"widget\" data-e-type=\"widget\" data-widget_type=\"text-editor.default\">\n\t\t\t\t<div class=\"elementor-widget-container\">\n\t\t\t\t\t\t\t\t\t<p>La alegria genera mas alegria, por eso vamos dando razones para que los ni\u00f1os sonrian&#8230;<\/p>\t\t\t\t\t\t\t\t<\/div>\n\t\t\t\t<\/div>\n\t\t\t\t<div class=\"elementor-element elementor-element-8aaa4ac elementor-align-justify elementor-widget elementor-widget-button\" data-id=\"8aaa4ac\" data-element_type=\"widget\" data-e-type=\"widget\" data-widget_type=\"button.default\">\n\t\t\t\t<div class=\"elementor-widget-container\">\n\t\t\t\t\t\t\t\t\t<div class=\"elementor-button-wrapper\">\n\t\t\t\t\t<a class=\"elementor-button elementor-button-link elementor-size-sm\" href=\"https:\/\/fundinah.org\/index.php\/nutricion-infantil\/\">\n\t\t\t\t\t\t<span class=\"elementor-button-content-wrapper\">\n\t\t\t\t\t\t\t\t\t<span class=\"elementor-button-text\">Click para ver m\u00e1s<\/span>\n\t\t\t\t\t<\/span>\n\t\t\t\t\t<\/a>\n\t\t\t\t<\/div>\n\t\t\t\t\t\t\t\t<\/div>\n\t\t\t\t<\/div>\n\t\t\t\t\t<\/div>\n\t\t<\/div>\n\t\t\t\t<div class=\"elementor-column elementor-col-33 elementor-inner-column elementor-element elementor-element-3973d75\" data-id=\"3973d75\" data-element_type=\"column\" data-e-type=\"column\">\n\t\t\t<div class=\"elementor-widget-wrap elementor-element-populated\">\n\t\t\t\t\t\t<div class=\"elementor-element elementor-element-439432f elementor-widget elementor-widget-image\" data-id=\"439432f\" data-element_type=\"widget\" data-e-type=\"widget\" data-widget_type=\"image.default\">\n\t\t\t\t<div class=\"elementor-widget-container\">\n\t\t\t\t\t\t\t\t\t\t\t\t\t\t\t<img loading=\"lazy\" decoding=\"async\" width=\"1024\" height=\"635\" src=\"https:\/\/fundinah.org\/wp-content\/uploads\/2022\/09\/9-3-1-scaled-e1612889273383-1024x635-1.jpg\" class=\"attachment-full size-full wp-image-263\" alt=\"\" srcset=\"https:\/\/fundinah.org\/wp-content\/uploads\/2022\/09\/9-3-1-scaled-e1612889273383-1024x635-1.jpg 1024w, https:\/\/fundinah.org\/wp-content\/uploads\/2022\/09\/9-3-1-scaled-e1612889273383-1024x635-1-300x186.jpg 300w, https:\/\/fundinah.org\/wp-content\/uploads\/2022\/09\/9-3-1-scaled-e1612889273383-1024x635-1-768x476.jpg 768w, https:\/\/fundinah.org\/wp-content\/uploads\/2022\/09\/9-3-1-scaled-e1612889273383-1024x635-1-600x372.jpg 600w\" sizes=\"(max-width: 1024px) 100vw, 1024px\" \/>\t\t\t\t\t\t\t\t\t\t\t\t\t\t\t<\/div>\n\t\t\t\t<\/div>\n\t\t\t\t<div class=\"elementor-element elementor-element-1e60a2c elementor-widget elementor-widget-heading\" data-id=\"1e60a2c\" data-element_type=\"widget\" data-e-type=\"widget\" data-widget_type=\"heading.default\">\n\t\t\t\t<div class=\"elementor-widget-container\">\n\t\t\t\t\t<h5 class=\"elementor-heading-title elementor-size-default\">Operativo M\u00e9dico<\/h5>\t\t\t\t<\/div>\n\t\t\t\t<\/div>\n\t\t\t\t<div class=\"elementor-element elementor-element-9716019 elementor-widget elementor-widget-text-editor\" data-id=\"9716019\" data-element_type=\"widget\" data-e-type=\"widget\" data-widget_type=\"text-editor.default\">\n\t\t\t\t<div class=\"elementor-widget-container\">\n\t\t\t\t\t\t\t\t\t<p>Vamos al encuentro de aquellos que no tienen acceso a una atencion digna en su salud&#8230;<\/p>\t\t\t\t\t\t\t\t<\/div>\n\t\t\t\t<\/div>\n\t\t\t\t<div class=\"elementor-element elementor-element-031ed3b elementor-align-justify elementor-widget elementor-widget-button\" data-id=\"031ed3b\" data-element_type=\"widget\" data-e-type=\"widget\" data-widget_type=\"button.default\">\n\t\t\t\t<div class=\"elementor-widget-container\">\n\t\t\t\t\t\t\t\t\t<div class=\"elementor-button-wrapper\">\n\t\t\t\t\t<a class=\"elementor-button elementor-button-link elementor-size-sm\" href=\"https:\/\/fundinah.org\/index.php\/operativo-medico\/\">\n\t\t\t\t\t\t<span class=\"elementor-button-content-wrapper\">\n\t\t\t\t\t\t\t\t\t<span class=\"elementor-button-text\">Click para ver m\u00e1s<\/span>\n\t\t\t\t\t<\/span>\n\t\t\t\t\t<\/a>\n\t\t\t\t<\/div>\n\t\t\t\t\t\t\t\t<\/div>\n\t\t\t\t<\/div>\n\t\t\t\t\t<\/div>\n\t\t<\/div>\n\t\t\t\t<div class=\"elementor-column elementor-col-33 elementor-inner-column elementor-element elementor-element-778550e\" data-id=\"778550e\" data-element_type=\"column\" data-e-type=\"column\">\n\t\t\t<div class=\"elementor-widget-wrap elementor-element-populated\">\n\t\t\t\t\t\t<div class=\"elementor-element elementor-element-4d6c575 elementor-widget elementor-widget-image\" data-id=\"4d6c575\" data-element_type=\"widget\" data-e-type=\"widget\" data-widget_type=\"image.default\">\n\t\t\t\t<div class=\"elementor-widget-container\">\n\t\t\t\t\t\t\t\t\t\t\t\t\t\t\t<img loading=\"lazy\" decoding=\"async\" width=\"682\" height=\"1024\" src=\"https:\/\/fundinah.org\/wp-content\/uploads\/2022\/09\/children-smiling-in-classroom-682x1024.jpg\" class=\"attachment-large size-large wp-image-336\" alt=\"Children smiling in classroom\" srcset=\"https:\/\/fundinah.org\/wp-content\/uploads\/2022\/09\/children-smiling-in-classroom-682x1024.jpg 682w, https:\/\/fundinah.org\/wp-content\/uploads\/2022\/09\/children-smiling-in-classroom-200x300.jpg 200w, https:\/\/fundinah.org\/wp-content\/uploads\/2022\/09\/children-smiling-in-classroom-768x1152.jpg 768w, https:\/\/fundinah.org\/wp-content\/uploads\/2022\/09\/children-smiling-in-classroom-1024x1536.jpg 1024w, https:\/\/fundinah.org\/wp-content\/uploads\/2022\/09\/children-smiling-in-classroom-600x900.jpg 600w, https:\/\/fundinah.org\/wp-content\/uploads\/2022\/09\/children-smiling-in-classroom.jpg 1333w\" sizes=\"(max-width: 682px) 100vw, 682px\" \/>\t\t\t\t\t\t\t\t\t\t\t\t\t\t\t<\/div>\n\t\t\t\t<\/div>\n\t\t\t\t<div class=\"elementor-element elementor-element-1d83824 elementor-widget elementor-widget-heading\" data-id=\"1d83824\" data-element_type=\"widget\" data-e-type=\"widget\" data-widget_type=\"heading.default\">\n\t\t\t\t<div class=\"elementor-widget-container\">\n\t\t\t\t\t<h5 class=\"elementor-heading-title elementor-size-default\">Reg\u00e1lale una sonrisa\n<\/h5>\t\t\t\t<\/div>\n\t\t\t\t<\/div>\n\t\t\t\t<div class=\"elementor-element elementor-element-d0b0290 elementor-widget elementor-widget-text-editor\" data-id=\"d0b0290\" data-element_type=\"widget\" data-e-type=\"widget\" data-widget_type=\"text-editor.default\">\n\t\t\t\t<div class=\"elementor-widget-container\">\n\t\t\t\t\t\t\t\t\t<p>La alegria genera mas alegria, por eso vamos dando razones para que los ni\u00f1os sonrian&#8230;<\/p>\t\t\t\t\t\t\t\t<\/div>\n\t\t\t\t<\/div>\n\t\t\t\t<div class=\"elementor-element elementor-element-6de1535 elementor-align-justify elementor-widget elementor-widget-button\" data-id=\"6de1535\" data-element_type=\"widget\" data-e-type=\"widget\" data-widget_type=\"button.default\">\n\t\t\t\t<div class=\"elementor-widget-container\">\n\t\t\t\t\t\t\t\t\t<div class=\"elementor-button-wrapper\">\n\t\t\t\t\t<a class=\"elementor-button elementor-button-link elementor-size-sm\" href=\"https:\/\/fundinah.org\/index.php\/regalale-una-sonrisa\/\">\n\t\t\t\t\t\t<span class=\"elementor-button-content-wrapper\">\n\t\t\t\t\t\t\t\t\t<span class=\"elementor-button-text\">Click para ver m\u00e1s<\/span>\n\t\t\t\t\t<\/span>\n\t\t\t\t\t<\/a>\n\t\t\t\t<\/div>\n\t\t\t\t\t\t\t\t<\/div>\n\t\t\t\t<\/div>\n\t\t\t\t\t<\/div>\n\t\t<\/div>\n\t\t\t\t\t<\/div>\n\t\t<\/section>\n\t\t\t\t\t<\/div>\n\t\t<\/div>\n\t\t\t\t\t<\/div>\n\t\t<\/section>\n\t\t\t\t<section class=\"elementor-section elementor-top-section elementor-element elementor-element-437593f3 elementor-section-boxed elementor-section-height-default elementor-section-height-default\" data-id=\"437593f3\" data-element_type=\"section\" data-e-type=\"section\" data-settings=\"{&quot;background_background&quot;:&quot;classic&quot;}\">\n\t\t\t\t\t\t\t<div class=\"elementor-background-overlay\"><\/div>\n\t\t\t\t\t\t\t<div class=\"elementor-container elementor-column-gap-no\">\n\t\t\t\t\t<div class=\"elementor-column elementor-col-100 elementor-top-column elementor-element elementor-element-21a0b841\" data-id=\"21a0b841\" data-element_type=\"column\" data-e-type=\"column\">\n\t\t\t<div class=\"elementor-widget-wrap elementor-element-populated\">\n\t\t\t\t\t\t<div class=\"elementor-element elementor-element-6d05c710 elementor-widget elementor-widget-heading\" data-id=\"6d05c710\" data-element_type=\"widget\" data-e-type=\"widget\" data-widget_type=\"heading.default\">\n\t\t\t\t<div class=\"elementor-widget-container\">\n\t\t\t\t\t<h5 class=\"elementor-heading-title elementor-size-default\">PARTICIPA AHORA\n<\/h5>\t\t\t\t<\/div>\n\t\t\t\t<\/div>\n\t\t\t\t<div class=\"elementor-element elementor-element-ef7221e elementor-widget elementor-widget-heading\" data-id=\"ef7221e\" data-element_type=\"widget\" data-e-type=\"widget\" data-widget_type=\"heading.default\">\n\t\t\t\t<div class=\"elementor-widget-container\">\n\t\t\t\t\t<h3 class=\"elementor-heading-title elementor-size-default\">Hemos financiado 12 503 proyectos ben\u00e9ficos para personas en todo el mundo\n<\/h3>\t\t\t\t<\/div>\n\t\t\t\t<\/div>\n\t\t\t\t<div class=\"elementor-element elementor-element-4e3d8016 elementor-align-center elementor-widget elementor-widget-button\" data-id=\"4e3d8016\" data-element_type=\"widget\" data-e-type=\"widget\" data-widget_type=\"button.default\">\n\t\t\t\t<div class=\"elementor-widget-container\">\n\t\t\t\t\t\t\t\t\t<div class=\"elementor-button-wrapper\">\n\t\t\t\t\t<a class=\"elementor-button elementor-button-link elementor-size-sm\" href=\"#\">\n\t\t\t\t\t\t<span class=\"elementor-button-content-wrapper\">\n\t\t\t\t\t\t\t\t\t<span class=\"elementor-button-text\">PARTICIPA SE UN VOLUNTARIO<\/span>\n\t\t\t\t\t<\/span>\n\t\t\t\t\t<\/a>\n\t\t\t\t<\/div>\n\t\t\t\t\t\t\t\t<\/div>\n\t\t\t\t<\/div>\n\t\t\t\t\t<\/div>\n\t\t<\/div>\n\t\t\t\t\t<\/div>\n\t\t<\/section>\n\t\t\t\t<\/div>\n\t\t","protected":false},"excerpt":{"rendered":"<p>Proyectos D\u00e9jate Ayudar D\u00e9jate Ayudar, m\u00e1s que un programa, es un proyecto de vida que ofrece asistencia m\u00e9dica en el \u00e1rea de la psicolog\u00eda y&#8230; Click para ver m\u00e1s Colegio Hijos de Mar\u00eda Sant\u00edsima Este proyecto esta comprometido con un programa de desarrollo integral a nivel intelectual, moral y fisico&#8230; Click para ver m\u00e1s Monasterio [&hellip;]<\/p>\n","protected":false},"author":1,"featured_media":0,"parent":0,"menu_order":0,"comment_status":"closed","ping_status":"closed","template":"","meta":{"_crdt_document":"","footnotes":""},"class_list":["post-256","page","type-page","status-publish","hentry"],"_links":{"self":[{"href":"https:\/\/fundinah.org\/index.php\/wp-json\/wp\/v2\/pages\/256","targetHints":{"allow":["GET"]}}],"collection":[{"href":"https:\/\/fundinah.org\/index.php\/wp-json\/wp\/v2\/pages"}],"about":[{"href":"https:\/\/fundinah.org\/index.php\/wp-json\/wp\/v2\/types\/page"}],"author":[{"embeddable":true,"href":"https:\/\/fundinah.org\/index.php\/wp-json\/wp\/v2\/users\/1"}],"replies":[{"embeddable":true,"href":"https:\/\/fundinah.org\/index.php\/wp-json\/wp\/v2\/comments?post=256"}],"version-history":[{"count":20,"href":"https:\/\/fundinah.org\/index.php\/wp-json\/wp\/v2\/pages\/256\/revisions"}],"predecessor-version":[{"id":719,"href":"https:\/\/fundinah.org\/index.php\/wp-json\/wp\/v2\/pages\/256\/revisions\/719"}],"wp:attachment":[{"href":"https:\/\/fundinah.org\/index.php\/wp-json\/wp\/v2\/media?parent=256"}],"curies":[{"name":"wp","href":"https:\/\/api.w.org\/{rel}","templated":true}]}}